{"id":332,"date":"2019-05-14T18:23:13","date_gmt":"2019-05-14T16:23:13","guid":{"rendered":"https:\/\/sightseeing-munich.tours\/?page_id=332"},"modified":"2022-07-17T00:18:11","modified_gmt":"2022-07-16T22:18:11","slug":"legal","status":"publish","type":"page","link":"https:\/\/sightseeing-munich.tours\/en\/legal\/","title":{"rendered":"Impressum"},"content":{"rendered":"<div data-elementor-type=\"wp-post\" data-elementor-id=\"332\" class=\"elementor elementor-332\" data-elementor-post-type=\"page\">\n\t\t\t\t\t\t<section class=\"elementor-section elementor-top-section elementor-element elementor-element-8faa464 elementor-section-stretched elementor-section-boxed elementor-section-height-default elementor-section-height-default\" data-id=\"8faa464\" data-element_type=\"section\" data-e-type=\"section\" data-settings=\"{&quot;stretch_section&quot;:&quot;section-stretched&quot;}\">\n\t\t\t\t\t\t<div class=\"elementor-container elementor-column-gap-no\">\n\t\t\t\t\t<div class=\"elementor-column elementor-col-100 elementor-top-column elementor-element elementor-element-fdad093\" data-id=\"fdad093\" data-element_type=\"column\" data-e-type=\"column\">\n\t\t\t<div class=\"elementor-widget-wrap elementor-element-populated\">\n\t\t\t\t\t\t<div class=\"elementor-element elementor-element-94f9e95 elementor-widget elementor-widget-heading\" data-id=\"94f9e95\" data-element_type=\"widget\" data-e-type=\"widget\" data-widget_type=\"heading.default\">\n\t\t\t\t<div class=\"elementor-widget-container\">\n\t\t\t\t\t<h2 class=\"elementor-heading-title elementor-size-large\">LEGAL<\/h2>\t\t\t\t<\/div>\n\t\t\t\t<\/div>\n\t\t\t\t<div class=\"elementor-element elementor-element-e2c26db elementor-widget elementor-widget-text-editor\" data-id=\"e2c26db\" data-element_type=\"widget\" data-e-type=\"widget\" data-widget_type=\"text-editor.default\">\n\t\t\t\t<div class=\"elementor-widget-container\">\n\t\t\t\t\t\t\t\t\t<p>Information in accordance with Section 5 TMG<\/p>\n<p>Sightseeing-Touren Sebastian Jelsch<br>Sebastian Jelsch&nbsp;<br>Haimhauser Stra\u00dfe 8<br>80802 Munich&nbsp;<\/p>\n<p><strong>Contact:<\/strong>&nbsp;<br>Phone: +491632921704<br>Email:&nbsp;<a href=\"mailto:contact@sightseeing-munich.tours\">contact@sightseeing-munich.tours<\/a><\/p>\n<p><strong>Disclaimer<\/strong><\/p>\n<p><strong>Streitschlichtung<\/strong><\/p>\n<p>Die Europ\u00e4ische Kommission stellt eine Plattform zur Online-Streitbeilegung (OS) bereit:&nbsp;<a href=\"https:\/\/ec.europa.eu\/consumers\/odr\" target=\"_blank\" rel=\"noopener\">https:\/\/ec.europa.eu\/consumers\/odr<\/a>.<br>Unsere E-Mail-Adresse finden Sie oben im Impressum.&nbsp;<\/p>\n<p><strong>Accountability for content<\/strong><\/p>\n<p>The contents of our pages have been created with the utmost care. However, we cannot guarantee the contents' accuracy, completeness or topicality. \nAccording to statutory provisions, we are furthermore responsible for our own content on these web pages. \nIn this matter, please note that we are not obliged to monitor the transmitted or saved information of third parties, or investigate circumstances pointing to illegal activity. \nOur obligations to remove or block the use of information under generally applicable laws remain unaffected by this as per \u00a7\u00a7 8 to 10 of the Telemedia Act (TMG).&nbsp;<\/p>\n<p><strong>Accountability for links<\/strong><\/p>\n<p>Responsibility for the content of external links (to web pages of third parties) lies solely with the operators of the linked pages. \nNo violations were evident to us at the time of linking. Should any legal infringement become known to us, we will remove the respective link immediately.&nbsp;<\/p>\n<p><strong>Copyright<\/strong><\/p>\n<p>Our web pages and their contents are subject to German copyright law. \nUnless expressly permitted by law, every form of utilizing, reproducing or processing works subject to copyright protection on our web pages requires the prior consent \nof the respective owner of the rights. Individual reproductions of a work are only allowed for private use. \nThe materials from these pages are copyrighted and any unauthorized use may violate copyright laws.<\/p>\n<p>Thanks to:&nbsp;<a href=\"http:\/\/www.translate-24h.de\">translate-24h.de English Translations<\/a><\/p>\t\t\t\t\t\t\t\t<\/div>\n\t\t\t\t<\/div>\n\t\t\t\t\t<\/div>\n\t\t<\/div>\n\t\t\t\t\t<\/div>\n\t\t<\/section>\n\t\t\t\t<\/div>","protected":false},"excerpt":{"rendered":"<p>IMPRESSUM Angaben gem\u00e4\u00df \u00a7 5 TMG Sightseeing-Touren Sebastian JelschSebastian Jelsch&nbsp;Haimhauser Stra\u00dfe 880802 M\u00fcnchen&nbsp; Kontakt:&nbsp;Telefon: 0163-2921704E-Mail:&nbsp;contact@sightseeing-munich.tours Haftungsausschluss Streitschlichtung Die Europ\u00e4ische Kommission stellt eine Plattform zur Online-Streitbeilegung (OS) bereit:&nbsp;https:\/\/ec.europa.eu\/consumers\/odr.Unsere E-Mail-Adresse finden Sie oben im Impressum.&nbsp; Haftung f\u00fcr Inhalte Als Diensteanbieter sind wir gem\u00e4\u00df \u00a7 7 Abs.1 TMG f\u00fcr eigene Inhalte auf diesen Seiten nach den allgemeinen Gesetzen [&hellip;]<\/p>\n","protected":false},"author":1,"featured_media":0,"parent":0,"menu_order":0,"comment_status":"closed","ping_status":"closed","template":"","meta":{"ocean_post_layout":"full-width","ocean_both_sidebars_style":"","ocean_both_sidebars_content_width":0,"ocean_both_sidebars_sidebars_width":0,"ocean_sidebar":"0","ocean_second_sidebar":"0","ocean_disable_margins":"enable","ocean_add_body_class":"","ocean_shortcode_before_top_bar":"","ocean_shortcode_after_top_bar":"","ocean_shortcode_before_header":"","ocean_shortcode_after_header":"","ocean_has_shortcode":"","ocean_shortcode_after_title":"","ocean_shortcode_before_footer_widgets":"","ocean_shortcode_after_footer_widgets":"","ocean_shortcode_before_footer_bottom":"","ocean_shortcode_after_footer_bottom":"","ocean_display_top_bar":"off","ocean_display_header":"on","ocean_header_style":"","ocean_center_header_left_menu":"0","ocean_custom_header_template":"0","ocean_custom_logo":0,"ocean_custom_retina_logo":0,"ocean_custom_logo_max_width":0,"ocean_custom_logo_tablet_max_width":0,"ocean_custom_logo_mobile_max_width":0,"ocean_custom_logo_max_height":0,"ocean_custom_logo_tablet_max_height":0,"ocean_custom_logo_mobile_max_height":0,"ocean_header_custom_menu":"0","ocean_menu_typo_font_family":"0","ocean_menu_typo_font_subset":"","ocean_menu_typo_font_size":0,"ocean_menu_typo_font_size_tablet":0,"ocean_menu_typo_font_size_mobile":0,"ocean_menu_typo_font_size_unit":"px","ocean_menu_typo_font_weight":"","ocean_menu_typo_font_weight_tablet":"","ocean_menu_typo_font_weight_mobile":"","ocean_menu_typo_transform":"","ocean_menu_typo_transform_tablet":"","ocean_menu_typo_transform_mobile":"","ocean_menu_typo_line_height":0,"ocean_menu_typo_line_height_tablet":0,"ocean_menu_typo_line_height_mobile":0,"ocean_menu_typo_line_height_unit":"","ocean_menu_typo_spacing":0,"ocean_menu_typo_spacing_tablet":0,"ocean_menu_typo_spacing_mobile":0,"ocean_menu_typo_spacing_unit":"","ocean_menu_link_color":"","ocean_menu_link_color_hover":"","ocean_menu_link_color_active":"","ocean_menu_link_background":"","ocean_menu_link_hover_background":"","ocean_menu_link_active_background":"","ocean_menu_social_links_bg":"","ocean_menu_social_hover_links_bg":"","ocean_menu_social_links_color":"","ocean_menu_social_hover_links_color":"","ocean_disable_title":"on","ocean_disable_heading":"default","ocean_post_title":"","ocean_post_subheading":"","ocean_post_title_style":"","ocean_post_title_background_color":"","ocean_post_title_background":0,"ocean_post_title_bg_image_position":"","ocean_post_title_bg_image_attachment":"","ocean_post_title_bg_image_repeat":"","ocean_post_title_bg_image_size":"","ocean_post_title_height":0,"ocean_post_title_bg_overlay":0.5,"ocean_post_title_bg_overlay_color":"","ocean_disable_breadcrumbs":"default","ocean_breadcrumbs_color":"","ocean_breadcrumbs_separator_color":"","ocean_breadcrumbs_links_color":"","ocean_breadcrumbs_links_hover_color":"","ocean_display_footer_widgets":"on","ocean_display_footer_bottom":"off","ocean_custom_footer_template":"0","footnotes":""},"class_list":["post-332","page","type-page","status-publish","hentry","entry"],"yoast_head":"<!-- This site is optimized with the Yoast SEO plugin v27.5 - https:\/\/yoast.com\/product\/yoast-seo-wordpress\/ -->\n<title>Impressum - Sightseeing-Touren durch M\u00fcnchen<\/title>\n<meta name=\"description\" content=\"Entdecke M\u00fcnchen und seine spannendsten Geschichten auf ganz neue Art und Weise mit unterhaltsamen Sightseeing-Touren jederzeit direkt auf deinem Smartphone!\" \/>\n<meta name=\"robots\" content=\"noindex, follow\" \/>\n<meta property=\"og:locale\" content=\"en_US\" \/>\n<meta property=\"og:type\" content=\"article\" \/>\n<meta property=\"og:title\" content=\"Impressum - Sightseeing-Touren durch M\u00fcnchen\" \/>\n<meta property=\"og:description\" content=\"Entdecke M\u00fcnchen und seine spannendsten Geschichten auf ganz neue Art und Weise mit unterhaltsamen Sightseeing-Touren jederzeit direkt auf deinem Smartphone!\" \/>\n<meta property=\"og:url\" content=\"https:\/\/sightseeing-munich.tours\/en\/legal\/\" \/>\n<meta property=\"og:site_name\" content=\"Sightseeing-Touren durch M\u00fcnchen\" \/>\n<meta property=\"article:modified_time\" content=\"2022-07-16T22:18:11+00:00\" \/>\n<meta property=\"og:image\" content=\"https:\/\/sightseeing-munich.tours\/wp-content\/uploads\/2019\/06\/Favicon_master.png\" \/>\n\t<meta property=\"og:image:width\" content=\"512\" \/>\n\t<meta property=\"og:image:height\" content=\"512\" \/>\n\t<meta property=\"og:image:type\" content=\"image\/png\" \/>\n<meta name=\"twitter:card\" content=\"summary_large_image\" \/>\n<meta name=\"twitter:label1\" content=\"Est. reading time\" \/>\n\t<meta name=\"twitter:data1\" content=\"2 minutes\" \/>\n<script type=\"application\/ld+json\" class=\"yoast-schema-graph\">{\"@context\":\"https:\\\/\\\/schema.org\",\"@graph\":[{\"@type\":\"WebPage\",\"@id\":\"https:\\\/\\\/sightseeing-munich.tours\\\/de\\\/legal\\\/\",\"url\":\"https:\\\/\\\/sightseeing-munich.tours\\\/de\\\/legal\\\/\",\"name\":\"Impressum - Sightseeing-Touren durch M\u00fcnchen\",\"isPartOf\":{\"@id\":\"https:\\\/\\\/sightseeing-munich.tours\\\/#website\"},\"datePublished\":\"2019-05-14T16:23:13+00:00\",\"dateModified\":\"2022-07-16T22:18:11+00:00\",\"description\":\"Entdecke M\u00fcnchen und seine spannendsten Geschichten auf ganz neue Art und Weise mit unterhaltsamen Sightseeing-Touren jederzeit direkt auf deinem Smartphone!\",\"breadcrumb\":{\"@id\":\"https:\\\/\\\/sightseeing-munich.tours\\\/de\\\/legal\\\/#breadcrumb\"},\"inLanguage\":\"en-US\",\"potentialAction\":[{\"@type\":\"ReadAction\",\"target\":[\"https:\\\/\\\/sightseeing-munich.tours\\\/de\\\/legal\\\/\"]}]},{\"@type\":\"BreadcrumbList\",\"@id\":\"https:\\\/\\\/sightseeing-munich.tours\\\/de\\\/legal\\\/#breadcrumb\",\"itemListElement\":[{\"@type\":\"ListItem\",\"position\":1,\"name\":\"Startseite\",\"item\":\"https:\\\/\\\/sightseeing-munich.tours\\\/\"},{\"@type\":\"ListItem\",\"position\":2,\"name\":\"Impressum\"}]},{\"@type\":\"WebSite\",\"@id\":\"https:\\\/\\\/sightseeing-munich.tours\\\/#website\",\"url\":\"https:\\\/\\\/sightseeing-munich.tours\\\/\",\"name\":\"Sightseeing-Touren durch M\u00fcnchen\",\"description\":\"\",\"publisher\":{\"@id\":\"https:\\\/\\\/sightseeing-munich.tours\\\/#organization\"},\"potentialAction\":[{\"@type\":\"SearchAction\",\"target\":{\"@type\":\"EntryPoint\",\"urlTemplate\":\"https:\\\/\\\/sightseeing-munich.tours\\\/?s={search_term_string}\"},\"query-input\":{\"@type\":\"PropertyValueSpecification\",\"valueRequired\":true,\"valueName\":\"search_term_string\"}}],\"inLanguage\":\"en-US\"},{\"@type\":\"Organization\",\"@id\":\"https:\\\/\\\/sightseeing-munich.tours\\\/#organization\",\"name\":\"Sightseeing Munich\",\"url\":\"https:\\\/\\\/sightseeing-munich.tours\\\/\",\"logo\":{\"@type\":\"ImageObject\",\"inLanguage\":\"en-US\",\"@id\":\"https:\\\/\\\/sightseeing-munich.tours\\\/#\\\/schema\\\/logo\\\/image\\\/\",\"url\":\"https:\\\/\\\/sightseeing-munich.tours\\\/wp-content\\\/uploads\\\/2019\\\/06\\\/Favicon_master.png\",\"contentUrl\":\"https:\\\/\\\/sightseeing-munich.tours\\\/wp-content\\\/uploads\\\/2019\\\/06\\\/Favicon_master.png\",\"width\":512,\"height\":512,\"caption\":\"Sightseeing Munich\"},\"image\":{\"@id\":\"https:\\\/\\\/sightseeing-munich.tours\\\/#\\\/schema\\\/logo\\\/image\\\/\"},\"sameAs\":[\"https:\\\/\\\/www.instagram.com\\\/sightseeing_munich\\\/\",\"https:\\\/\\\/www.linkedin.com\\\/company\\\/sightseeing-munich\",\"https:\\\/\\\/www.pinterest.com\\\/sightseeing_munich\\\/\"]}]}<\/script>\n<!-- \/ Yoast SEO plugin. -->","yoast_head_json":{"title":"Impressum - Sightseeing-Touren durch M\u00fcnchen","description":"Entdecke M\u00fcnchen und seine spannendsten Geschichten auf ganz neue Art und Weise mit unterhaltsamen Sightseeing-Touren jederzeit direkt auf deinem Smartphone!","robots":{"index":"noindex","follow":"follow"},"og_locale":"en_US","og_type":"article","og_title":"Impressum - Sightseeing-Touren durch M\u00fcnchen","og_description":"Entdecke M\u00fcnchen und seine spannendsten Geschichten auf ganz neue Art und Weise mit unterhaltsamen Sightseeing-Touren jederzeit direkt auf deinem Smartphone!","og_url":"https:\/\/sightseeing-munich.tours\/en\/legal\/","og_site_name":"Sightseeing-Touren durch M\u00fcnchen","article_modified_time":"2022-07-16T22:18:11+00:00","og_image":[{"width":512,"height":512,"url":"https:\/\/sightseeing-munich.tours\/wp-content\/uploads\/2019\/06\/Favicon_master.png","type":"image\/png"}],"twitter_card":"summary_large_image","twitter_misc":{"Est. reading time":"2 minutes"},"schema":{"@context":"https:\/\/schema.org","@graph":[{"@type":"WebPage","@id":"https:\/\/sightseeing-munich.tours\/de\/legal\/","url":"https:\/\/sightseeing-munich.tours\/de\/legal\/","name":"Impressum - Sightseeing-Touren durch M\u00fcnchen","isPartOf":{"@id":"https:\/\/sightseeing-munich.tours\/#website"},"datePublished":"2019-05-14T16:23:13+00:00","dateModified":"2022-07-16T22:18:11+00:00","description":"Entdecke M\u00fcnchen und seine spannendsten Geschichten auf ganz neue Art und Weise mit unterhaltsamen Sightseeing-Touren jederzeit direkt auf deinem Smartphone!","breadcrumb":{"@id":"https:\/\/sightseeing-munich.tours\/de\/legal\/#breadcrumb"},"inLanguage":"en-US","potentialAction":[{"@type":"ReadAction","target":["https:\/\/sightseeing-munich.tours\/de\/legal\/"]}]},{"@type":"BreadcrumbList","@id":"https:\/\/sightseeing-munich.tours\/de\/legal\/#breadcrumb","itemListElement":[{"@type":"ListItem","position":1,"name":"Startseite","item":"https:\/\/sightseeing-munich.tours\/"},{"@type":"ListItem","position":2,"name":"Impressum"}]},{"@type":"WebSite","@id":"https:\/\/sightseeing-munich.tours\/#website","url":"https:\/\/sightseeing-munich.tours\/","name":"Sightseeing-Touren durch M\u00fcnchen","description":"","publisher":{"@id":"https:\/\/sightseeing-munich.tours\/#organization"},"potentialAction":[{"@type":"SearchAction","target":{"@type":"EntryPoint","urlTemplate":"https:\/\/sightseeing-munich.tours\/?s={search_term_string}"},"query-input":{"@type":"PropertyValueSpecification","valueRequired":true,"valueName":"search_term_string"}}],"inLanguage":"en-US"},{"@type":"Organization","@id":"https:\/\/sightseeing-munich.tours\/#organization","name":"Sightseeing Munich","url":"https:\/\/sightseeing-munich.tours\/","logo":{"@type":"ImageObject","inLanguage":"en-US","@id":"https:\/\/sightseeing-munich.tours\/#\/schema\/logo\/image\/","url":"https:\/\/sightseeing-munich.tours\/wp-content\/uploads\/2019\/06\/Favicon_master.png","contentUrl":"https:\/\/sightseeing-munich.tours\/wp-content\/uploads\/2019\/06\/Favicon_master.png","width":512,"height":512,"caption":"Sightseeing Munich"},"image":{"@id":"https:\/\/sightseeing-munich.tours\/#\/schema\/logo\/image\/"},"sameAs":["https:\/\/www.instagram.com\/sightseeing_munich\/","https:\/\/www.linkedin.com\/company\/sightseeing-munich","https:\/\/www.pinterest.com\/sightseeing_munich\/"]}]}},"_links":{"self":[{"href":"https:\/\/sightseeing-munich.tours\/en\/wp-json\/wp\/v2\/pages\/332","targetHints":{"allow":["GET"]}}],"collection":[{"href":"https:\/\/sightseeing-munich.tours\/en\/wp-json\/wp\/v2\/pages"}],"about":[{"href":"https:\/\/sightseeing-munich.tours\/en\/wp-json\/wp\/v2\/types\/page"}],"author":[{"embeddable":true,"href":"https:\/\/sightseeing-munich.tours\/en\/wp-json\/wp\/v2\/users\/1"}],"replies":[{"embeddable":true,"href":"https:\/\/sightseeing-munich.tours\/en\/wp-json\/wp\/v2\/comments?post=332"}],"version-history":[{"count":24,"href":"https:\/\/sightseeing-munich.tours\/en\/wp-json\/wp\/v2\/pages\/332\/revisions"}],"predecessor-version":[{"id":2784,"href":"https:\/\/sightseeing-munich.tours\/en\/wp-json\/wp\/v2\/pages\/332\/revisions\/2784"}],"wp:attachment":[{"href":"https:\/\/sightseeing-munich.tours\/en\/wp-json\/wp\/v2\/media?parent=332"}],"curies":[{"name":"wp","href":"https:\/\/api.w.org\/{rel}","templated":true}]}}