{"id":2725,"date":"2022-02-22T21:59:53","date_gmt":"2022-02-22T20:59:53","guid":{"rendered":"https:\/\/sightseeing-munich.tours\/?page_id=2725"},"modified":"2022-02-24T10:22:30","modified_gmt":"2022-02-24T09:22:30","slug":"neue-handy-tour-zur-geburt-des-fc-bayern","status":"publish","type":"page","link":"https:\/\/sightseeing-munich.tours\/en\/neue-handy-tour-zur-geburt-des-fc-bayern\/","title":{"rendered":"Zum 122. Geburtstag des FC Bayern M\u00fcnchen: neue Handy-Tour auf den Spuren der Bayern-Gr\u00fcndungsmitglieder"},"content":{"rendered":"<div data-elementor-type=\"wp-post\" data-elementor-id=\"2725\" class=\"elementor elementor-2725\" data-elementor-post-type=\"page\">\n\t\t\t\t\t\t<section class=\"elementor-section elementor-top-section elementor-element elementor-element-8faa464 elementor-section-stretched elementor-section-boxed elementor-section-height-default elementor-section-height-default\" data-id=\"8faa464\" data-element_type=\"section\" data-e-type=\"section\" data-settings=\"{&quot;stretch_section&quot;:&quot;section-stretched&quot;}\">\n\t\t\t\t\t\t<div class=\"elementor-container elementor-column-gap-no\">\n\t\t\t\t\t<div class=\"elementor-column elementor-col-100 elementor-top-column elementor-element elementor-element-fdad093\" data-id=\"fdad093\" data-element_type=\"column\" data-e-type=\"column\">\n\t\t\t<div class=\"elementor-widget-wrap elementor-element-populated\">\n\t\t\t\t\t\t<div class=\"elementor-element elementor-element-94f9e95 elementor-widget elementor-widget-heading\" data-id=\"94f9e95\" data-element_type=\"widget\" data-e-type=\"widget\" data-widget_type=\"heading.default\">\n\t\t\t\t<div class=\"elementor-widget-container\">\n\t\t\t\t\t<h2 class=\"elementor-heading-title elementor-size-large\">Zum 122. Geburtstag des FC Bayern M\u00fcnchen: neue Handy-Tour auf den Spuren der Bayern-Gr\u00fcndungsmitglieder<\/h2>\t\t\t\t<\/div>\n\t\t\t\t<\/div>\n\t\t\t\t<div class=\"elementor-element elementor-element-e2c26db elementor-widget elementor-widget-text-editor\" data-id=\"e2c26db\" data-element_type=\"widget\" data-e-type=\"widget\" data-widget_type=\"text-editor.default\">\n\t\t\t\t<div class=\"elementor-widget-container\">\n\t\t\t\t\t\t\t\t\t<p><strong>M\u00fcnchen, 22. Februar 2022<\/strong><\/p>\n<p>W\u00e4hrend am Abend des 27. Februar 1900 &#8211; Faschingsdienstag &#8211; die Narren durch die M\u00fcnchner Innenstadt ziehen, ist noch nicht absehbar, dass im Restaurant Gisela deutsche Fu\u00dfballgeschichte geschrieben wird. 11 Fu\u00dfballer treten aus ihrem Stammverein, dem MTV M\u00fcnchen, aus und gr\u00fcnden ihren eigenen Verein, der sich k\u00fcnftig als FC Bayern M\u00fcnchen einen Namen machen soll.<\/p>\n<p>In Zusammenarbeit zwischen Sightseeing Munich, dem <span style=\"text-decoration: underline;\"><strong><a href=\"https:\/\/www.clubnr12.org\/\" target=\"_blank\" rel=\"noopener\">Club Nr. 12<\/a><\/strong><\/span> &#8211; der Dachorganisation aller aktiven Bayern-Fans \u2013 und der&nbsp;<strong><span style=\"text-decoration: underline;\"><a href=\"https:\/\/www.kurt-landauer-stiftung.de\/\" target=\"_blank\" rel=\"noopener\">Kurt-Landauer-Stiftung<\/a><\/span><\/strong> kann die Geburtsstunde von Deutschlands gr\u00f6\u00dftem Fu\u00dfballverein und noch viele weitere spannende Anekdoten aus den ersten Jahren des FC Bayern nun hautnah miterlebt werden. In einer neuen Handytour, erh\u00e4ltlich in der App von Sightseeing Munich, wird der Nutzer in knapp 90 Minuten vom Marienplatz bis zur M\u00fcnchner Freiheit gef\u00fchrt. Dabei entdeckt der Nutzer nicht nur den originalen Standort des ehemaligen Restaurants Gisela, sondern auch ehemalige Wohnungen der Gr\u00fcndungsmitglieder, fr\u00fchere Spielst\u00e4tten des FC Bayern und vieles mehr.<\/p>\n<p>\u201eSeit vielen Jahren schon war es ein Anliegen des Club Nr. 12, den Bayern-Fans die ersten Kapitel des FC Bayern auf einfache Art und Weise erz\u00e4hlen zu k\u00f6nnen. Die Kapitel der Vereinsgeschichte, die den meisten wohl unbekannt ist. Kurz vor Beginn der Pandemie haben wir von Sightseeing Munich die Zusammenarbeit mit dem Club Nr. 12 und der Kurt-Landauer-Stiftung gestartet und wir sind sehr froh, nun endlich die Tour vorstellen zu k\u00f6nnen\u201c so Sebastian Jelsch, Gr\u00fcnder von Sightseeing Munich und Autor der Tour. &nbsp;&nbsp;&nbsp;&nbsp;<\/p>\n<p>Doch nicht nur der Club Nr. 12 und die Kurt-Landauer-Stiftung standen tatkr\u00e4ftig zur Seite. Auch Dirk K\u00e4mper, Drehbuch-Autor des Fernsehfilms \u201eLandauer \u2013 Der Pr\u00e4sident\u201c \u00fcber den Ehrenpr\u00e4sidenten des FC Bayern, lieferte wertvollen Input zum Drehbuch. Alles mit dem Ziel, den Bayern-Fans die Gr\u00fcndungsgeschichte ihres Lieblingsvereins so spannend, atmosph\u00e4risch und hautnah wie m\u00f6glich zu erz\u00e4hlen.<\/p>\n<p>Sightseeing Munich ist ein Touranbieter, der seit Oktober 2018 Touren durch M\u00fcnchen anbietet. Diese Touren werden per Smartphone, also ohne physischen Tourguide, mithilfe von Audiodateien durchgef\u00fchrt. Die App von Sightseeing Munich ist f\u00fcr <a href=\"https:\/\/apps.apple.com\/de\/app\/sightseeing-munich\/id1457430093\" target=\"_blank\" rel=\"noopener\"><span style=\"text-decoration: underline;\"><strong>iOS<\/strong><\/span><\/a> und <a href=\"https:\/\/play.google.com\/store\/apps\/details?id=tours.sightseeingmunich.app\" target=\"_blank\" rel=\"noopener\"><span style=\"text-decoration: underline;\"><strong>Android<\/strong><\/span><\/a> erh\u00e4ltlich. Die Tour kostet 7,99\u20ac.<\/p>\n<p><strong>Kontakt<\/strong><\/p>\n<p>Sightseeing Munich<br>Sebastian Jelsch<br>Freisinger Landstra\u00dfe 86<br>80939 M\u00fcnchen<br>+49 163 2921704<br><strong><a href=\"mailto:sebastian.jelsch@sightseeing-munich.tours\" target=\"_blank\" rel=\"noopener\">sebastian.jelsch@sightseeing-munich.tours<\/a><\/strong><\/p>\n<p><span style=\"text-decoration: underline;\"><strong><a href=\"https:\/\/sightseeing-munich.tours\/en\/\">www.sightseeing-munich.tours<\/a><\/strong><\/span><\/p>\t\t\t\t\t\t\t\t<\/div>\n\t\t\t\t<\/div>\n\t\t\t\t\t<\/div>\n\t\t<\/div>\n\t\t\t\t\t<\/div>\n\t\t<\/section>\n\t\t\t\t<\/div>","protected":false},"excerpt":{"rendered":"<p>Zum 122. Geburtstag des FC Bayern M\u00fcnchen: neue Handy-Tour auf den Spuren der Bayern-Gr\u00fcndungsmitglieder M\u00fcnchen, 22. Februar 2022 W\u00e4hrend am Abend des 27. Februar 1900 &#8211; Faschingsdienstag &#8211; die Narren durch die M\u00fcnchner Innenstadt ziehen, ist noch nicht absehbar, dass im Restaurant Gisela deutsche Fu\u00dfballgeschichte geschrieben wird. 11 Fu\u00dfballer treten aus ihrem Stammverein, dem MTV [&hellip;]<\/p>\n","protected":false},"author":1,"featured_media":0,"parent":0,"menu_order":0,"comment_status":"closed","ping_status":"closed","template":"","meta":{"ocean_post_layout":"full-width","ocean_both_sidebars_style":"","ocean_both_sidebars_content_width":0,"ocean_both_sidebars_sidebars_width":0,"ocean_sidebar":"0","ocean_second_sidebar":"0","ocean_disable_margins":"enable","ocean_add_body_class":"","ocean_shortcode_before_top_bar":"","ocean_shortcode_after_top_bar":"","ocean_shortcode_before_header":"","ocean_shortcode_after_header":"","ocean_has_shortcode":"","ocean_shortcode_after_title":"","ocean_shortcode_before_footer_widgets":"","ocean_shortcode_after_footer_widgets":"","ocean_shortcode_before_footer_bottom":"","ocean_shortcode_after_footer_bottom":"","ocean_display_top_bar":"off","ocean_display_header":"on","ocean_header_style":"","ocean_center_header_left_menu":"0","ocean_custom_header_template":"0","ocean_custom_logo":0,"ocean_custom_retina_logo":0,"ocean_custom_logo_max_width":0,"ocean_custom_logo_tablet_max_width":0,"ocean_custom_logo_mobile_max_width":0,"ocean_custom_logo_max_height":0,"ocean_custom_logo_tablet_max_height":0,"ocean_custom_logo_mobile_max_height":0,"ocean_header_custom_menu":"0","ocean_menu_typo_font_family":"0","ocean_menu_typo_font_subset":"","ocean_menu_typo_font_size":0,"ocean_menu_typo_font_size_tablet":0,"ocean_menu_typo_font_size_mobile":0,"ocean_menu_typo_font_size_unit":"px","ocean_menu_typo_font_weight":"","ocean_menu_typo_font_weight_tablet":"","ocean_menu_typo_font_weight_mobile":"","ocean_menu_typo_transform":"","ocean_menu_typo_transform_tablet":"","ocean_menu_typo_transform_mobile":"","ocean_menu_typo_line_height":0,"ocean_menu_typo_line_height_tablet":0,"ocean_menu_typo_line_height_mobile":0,"ocean_menu_typo_line_height_unit":"","ocean_menu_typo_spacing":0,"ocean_menu_typo_spacing_tablet":0,"ocean_menu_typo_spacing_mobile":0,"ocean_menu_typo_spacing_unit":"","ocean_menu_link_color":"","ocean_menu_link_color_hover":"","ocean_menu_link_color_active":"","ocean_menu_link_background":"","ocean_menu_link_hover_background":"","ocean_menu_link_active_background":"","ocean_menu_social_links_bg":"","ocean_menu_social_hover_links_bg":"","ocean_menu_social_links_color":"","ocean_menu_social_hover_links_color":"","ocean_disable_title":"on","ocean_disable_heading":"default","ocean_post_title":"","ocean_post_subheading":"","ocean_post_title_style":"","ocean_post_title_background_color":"","ocean_post_title_background":0,"ocean_post_title_bg_image_position":"","ocean_post_title_bg_image_attachment":"","ocean_post_title_bg_image_repeat":"","ocean_post_title_bg_image_size":"","ocean_post_title_height":0,"ocean_post_title_bg_overlay":0.5,"ocean_post_title_bg_overlay_color":"","ocean_disable_breadcrumbs":"default","ocean_breadcrumbs_color":"","ocean_breadcrumbs_separator_color":"","ocean_breadcrumbs_links_color":"","ocean_breadcrumbs_links_hover_color":"","ocean_display_footer_widgets":"on","ocean_display_footer_bottom":"off","ocean_custom_footer_template":"0","footnotes":""},"class_list":["post-2725","page","type-page","status-publish","hentry","entry"],"yoast_head":"<!-- This site is optimized with the Yoast SEO plugin v27.5 - https:\/\/yoast.com\/product\/yoast-seo-wordpress\/ -->\n<title>Zum 122. Geburtstag des FC Bayern M\u00fcnchen: neue Handy-Tour auf den Spuren der Bayern-Gr\u00fcndungsmitglieder - Sightseeing-Touren durch M\u00fcnchen<\/title>\n<meta name=\"description\" content=\"Sightseeing Munich in Zusammenarbeit mit dem Club Nr. 12 und der Kurt-Landauer-Stitung ver\u00f6ffentlicht neue Tour zum FC Bayern M\u00fcnchen\" \/>\n<meta name=\"robots\" content=\"index, follow, max-snippet:-1, max-image-preview:large, max-video-preview:-1\" \/>\n<link rel=\"canonical\" href=\"https:\/\/sightseeing-munich.tours\/en\/neue-handy-tour-zur-geburt-des-fc-bayern\/\" \/>\n<meta property=\"og:locale\" content=\"en_US\" \/>\n<meta property=\"og:type\" content=\"article\" \/>\n<meta property=\"og:title\" content=\"Zum 122. Geburtstag des FC Bayern M\u00fcnchen: neue Handy-Tour auf den Spuren der Bayern-Gr\u00fcndungsmitglieder - Sightseeing-Touren durch M\u00fcnchen\" \/>\n<meta property=\"og:description\" content=\"Sightseeing Munich in Zusammenarbeit mit dem Club Nr. 12 und der Kurt-Landauer-Stitung ver\u00f6ffentlicht neue Tour zum FC Bayern M\u00fcnchen\" \/>\n<meta property=\"og:url\" content=\"https:\/\/sightseeing-munich.tours\/en\/neue-handy-tour-zur-geburt-des-fc-bayern\/\" \/>\n<meta property=\"og:site_name\" content=\"Sightseeing-Touren durch M\u00fcnchen\" \/>\n<meta property=\"article:modified_time\" content=\"2022-02-24T09:22:30+00:00\" \/>\n<meta property=\"og:image\" content=\"https:\/\/sightseeing-munich.tours\/wp-content\/uploads\/2019\/06\/Favicon_master.png\" \/>\n\t<meta property=\"og:image:width\" content=\"512\" \/>\n\t<meta property=\"og:image:height\" content=\"512\" \/>\n\t<meta property=\"og:image:type\" content=\"image\/png\" \/>\n<meta name=\"twitter:card\" content=\"summary_large_image\" \/>\n<meta name=\"twitter:label1\" content=\"Est. reading time\" \/>\n\t<meta name=\"twitter:data1\" content=\"2 minutes\" \/>\n<script type=\"application\/ld+json\" class=\"yoast-schema-graph\">{\"@context\":\"https:\\\/\\\/schema.org\",\"@graph\":[{\"@type\":\"WebPage\",\"@id\":\"https:\\\/\\\/sightseeing-munich.tours\\\/neue-handy-tour-zur-geburt-des-fc-bayern\\\/\",\"url\":\"https:\\\/\\\/sightseeing-munich.tours\\\/neue-handy-tour-zur-geburt-des-fc-bayern\\\/\",\"name\":\"Zum 122. Geburtstag des FC Bayern M\u00fcnchen: neue Handy-Tour auf den Spuren der Bayern-Gr\u00fcndungsmitglieder - Sightseeing-Touren durch M\u00fcnchen\",\"isPartOf\":{\"@id\":\"https:\\\/\\\/sightseeing-munich.tours\\\/#website\"},\"datePublished\":\"2022-02-22T20:59:53+00:00\",\"dateModified\":\"2022-02-24T09:22:30+00:00\",\"description\":\"Sightseeing Munich in Zusammenarbeit mit dem Club Nr. 12 und der Kurt-Landauer-Stitung ver\u00f6ffentlicht neue Tour zum FC Bayern M\u00fcnchen\",\"breadcrumb\":{\"@id\":\"https:\\\/\\\/sightseeing-munich.tours\\\/neue-handy-tour-zur-geburt-des-fc-bayern\\\/#breadcrumb\"},\"inLanguage\":\"en-US\",\"potentialAction\":[{\"@type\":\"ReadAction\",\"target\":[\"https:\\\/\\\/sightseeing-munich.tours\\\/neue-handy-tour-zur-geburt-des-fc-bayern\\\/\"]}]},{\"@type\":\"BreadcrumbList\",\"@id\":\"https:\\\/\\\/sightseeing-munich.tours\\\/neue-handy-tour-zur-geburt-des-fc-bayern\\\/#breadcrumb\",\"itemListElement\":[{\"@type\":\"ListItem\",\"position\":1,\"name\":\"Startseite\",\"item\":\"https:\\\/\\\/sightseeing-munich.tours\\\/\"},{\"@type\":\"ListItem\",\"position\":2,\"name\":\"Zum 122. Geburtstag des FC Bayern M\u00fcnchen: neue Handy-Tour auf den Spuren der Bayern-Gr\u00fcndungsmitglieder\"}]},{\"@type\":\"WebSite\",\"@id\":\"https:\\\/\\\/sightseeing-munich.tours\\\/#website\",\"url\":\"https:\\\/\\\/sightseeing-munich.tours\\\/\",\"name\":\"Sightseeing-Touren durch M\u00fcnchen\",\"description\":\"\",\"publisher\":{\"@id\":\"https:\\\/\\\/sightseeing-munich.tours\\\/#organization\"},\"potentialAction\":[{\"@type\":\"SearchAction\",\"target\":{\"@type\":\"EntryPoint\",\"urlTemplate\":\"https:\\\/\\\/sightseeing-munich.tours\\\/?s={search_term_string}\"},\"query-input\":{\"@type\":\"PropertyValueSpecification\",\"valueRequired\":true,\"valueName\":\"search_term_string\"}}],\"inLanguage\":\"en-US\"},{\"@type\":\"Organization\",\"@id\":\"https:\\\/\\\/sightseeing-munich.tours\\\/#organization\",\"name\":\"Sightseeing Munich\",\"url\":\"https:\\\/\\\/sightseeing-munich.tours\\\/\",\"logo\":{\"@type\":\"ImageObject\",\"inLanguage\":\"en-US\",\"@id\":\"https:\\\/\\\/sightseeing-munich.tours\\\/#\\\/schema\\\/logo\\\/image\\\/\",\"url\":\"https:\\\/\\\/sightseeing-munich.tours\\\/wp-content\\\/uploads\\\/2019\\\/06\\\/Favicon_master.png\",\"contentUrl\":\"https:\\\/\\\/sightseeing-munich.tours\\\/wp-content\\\/uploads\\\/2019\\\/06\\\/Favicon_master.png\",\"width\":512,\"height\":512,\"caption\":\"Sightseeing Munich\"},\"image\":{\"@id\":\"https:\\\/\\\/sightseeing-munich.tours\\\/#\\\/schema\\\/logo\\\/image\\\/\"},\"sameAs\":[\"https:\\\/\\\/www.instagram.com\\\/sightseeing_munich\\\/\",\"https:\\\/\\\/www.linkedin.com\\\/company\\\/sightseeing-munich\",\"https:\\\/\\\/www.pinterest.com\\\/sightseeing_munich\\\/\"]}]}<\/script>\n<!-- \/ Yoast SEO plugin. -->","yoast_head_json":{"title":"Zum 122. Geburtstag des FC Bayern M\u00fcnchen: neue Handy-Tour auf den Spuren der Bayern-Gr\u00fcndungsmitglieder - Sightseeing-Touren durch M\u00fcnchen","description":"Sightseeing Munich in Zusammenarbeit mit dem Club Nr. 12 und der Kurt-Landauer-Stitung ver\u00f6ffentlicht neue Tour zum FC Bayern M\u00fcnchen","robots":{"index":"index","follow":"follow","max-snippet":"max-snippet:-1","max-image-preview":"max-image-preview:large","max-video-preview":"max-video-preview:-1"},"canonical":"https:\/\/sightseeing-munich.tours\/en\/neue-handy-tour-zur-geburt-des-fc-bayern\/","og_locale":"en_US","og_type":"article","og_title":"Zum 122. Geburtstag des FC Bayern M\u00fcnchen: neue Handy-Tour auf den Spuren der Bayern-Gr\u00fcndungsmitglieder - Sightseeing-Touren durch M\u00fcnchen","og_description":"Sightseeing Munich in Zusammenarbeit mit dem Club Nr. 12 und der Kurt-Landauer-Stitung ver\u00f6ffentlicht neue Tour zum FC Bayern M\u00fcnchen","og_url":"https:\/\/sightseeing-munich.tours\/en\/neue-handy-tour-zur-geburt-des-fc-bayern\/","og_site_name":"Sightseeing-Touren durch M\u00fcnchen","article_modified_time":"2022-02-24T09:22:30+00:00","og_image":[{"width":512,"height":512,"url":"https:\/\/sightseeing-munich.tours\/wp-content\/uploads\/2019\/06\/Favicon_master.png","type":"image\/png"}],"twitter_card":"summary_large_image","twitter_misc":{"Est. reading time":"2 minutes"},"schema":{"@context":"https:\/\/schema.org","@graph":[{"@type":"WebPage","@id":"https:\/\/sightseeing-munich.tours\/neue-handy-tour-zur-geburt-des-fc-bayern\/","url":"https:\/\/sightseeing-munich.tours\/neue-handy-tour-zur-geburt-des-fc-bayern\/","name":"Zum 122. Geburtstag des FC Bayern M\u00fcnchen: neue Handy-Tour auf den Spuren der Bayern-Gr\u00fcndungsmitglieder - Sightseeing-Touren durch M\u00fcnchen","isPartOf":{"@id":"https:\/\/sightseeing-munich.tours\/#website"},"datePublished":"2022-02-22T20:59:53+00:00","dateModified":"2022-02-24T09:22:30+00:00","description":"Sightseeing Munich in Zusammenarbeit mit dem Club Nr. 12 und der Kurt-Landauer-Stitung ver\u00f6ffentlicht neue Tour zum FC Bayern M\u00fcnchen","breadcrumb":{"@id":"https:\/\/sightseeing-munich.tours\/neue-handy-tour-zur-geburt-des-fc-bayern\/#breadcrumb"},"inLanguage":"en-US","potentialAction":[{"@type":"ReadAction","target":["https:\/\/sightseeing-munich.tours\/neue-handy-tour-zur-geburt-des-fc-bayern\/"]}]},{"@type":"BreadcrumbList","@id":"https:\/\/sightseeing-munich.tours\/neue-handy-tour-zur-geburt-des-fc-bayern\/#breadcrumb","itemListElement":[{"@type":"ListItem","position":1,"name":"Startseite","item":"https:\/\/sightseeing-munich.tours\/"},{"@type":"ListItem","position":2,"name":"Zum 122. Geburtstag des FC Bayern M\u00fcnchen: neue Handy-Tour auf den Spuren der Bayern-Gr\u00fcndungsmitglieder"}]},{"@type":"WebSite","@id":"https:\/\/sightseeing-munich.tours\/#website","url":"https:\/\/sightseeing-munich.tours\/","name":"Sightseeing-Touren durch M\u00fcnchen","description":"","publisher":{"@id":"https:\/\/sightseeing-munich.tours\/#organization"},"potentialAction":[{"@type":"SearchAction","target":{"@type":"EntryPoint","urlTemplate":"https:\/\/sightseeing-munich.tours\/?s={search_term_string}"},"query-input":{"@type":"PropertyValueSpecification","valueRequired":true,"valueName":"search_term_string"}}],"inLanguage":"en-US"},{"@type":"Organization","@id":"https:\/\/sightseeing-munich.tours\/#organization","name":"Sightseeing Munich","url":"https:\/\/sightseeing-munich.tours\/","logo":{"@type":"ImageObject","inLanguage":"en-US","@id":"https:\/\/sightseeing-munich.tours\/#\/schema\/logo\/image\/","url":"https:\/\/sightseeing-munich.tours\/wp-content\/uploads\/2019\/06\/Favicon_master.png","contentUrl":"https:\/\/sightseeing-munich.tours\/wp-content\/uploads\/2019\/06\/Favicon_master.png","width":512,"height":512,"caption":"Sightseeing Munich"},"image":{"@id":"https:\/\/sightseeing-munich.tours\/#\/schema\/logo\/image\/"},"sameAs":["https:\/\/www.instagram.com\/sightseeing_munich\/","https:\/\/www.linkedin.com\/company\/sightseeing-munich","https:\/\/www.pinterest.com\/sightseeing_munich\/"]}]}},"_links":{"self":[{"href":"https:\/\/sightseeing-munich.tours\/en\/wp-json\/wp\/v2\/pages\/2725","targetHints":{"allow":["GET"]}}],"collection":[{"href":"https:\/\/sightseeing-munich.tours\/en\/wp-json\/wp\/v2\/pages"}],"about":[{"href":"https:\/\/sightseeing-munich.tours\/en\/wp-json\/wp\/v2\/types\/page"}],"author":[{"embeddable":true,"href":"https:\/\/sightseeing-munich.tours\/en\/wp-json\/wp\/v2\/users\/1"}],"replies":[{"embeddable":true,"href":"https:\/\/sightseeing-munich.tours\/en\/wp-json\/wp\/v2\/comments?post=2725"}],"version-history":[{"count":8,"href":"https:\/\/sightseeing-munich.tours\/en\/wp-json\/wp\/v2\/pages\/2725\/revisions"}],"predecessor-version":[{"id":2780,"href":"https:\/\/sightseeing-munich.tours\/en\/wp-json\/wp\/v2\/pages\/2725\/revisions\/2780"}],"wp:attachment":[{"href":"https:\/\/sightseeing-munich.tours\/en\/wp-json\/wp\/v2\/media?parent=2725"}],"curies":[{"name":"wp","href":"https:\/\/api.w.org\/{rel}","templated":true}]}}