{"id":2684,"date":"2022-02-22T21:13:54","date_gmt":"2022-02-22T20:13:54","guid":{"rendered":"https:\/\/sightseeing-munich.tours\/?page_id=2684"},"modified":"2022-07-17T00:19:37","modified_gmt":"2022-07-16T22:19:37","slug":"presse","status":"publish","type":"page","link":"https:\/\/sightseeing-munich.tours\/de\/presse\/","title":{"rendered":"Presse"},"content":{"rendered":"\t\t<div data-elementor-type=\"wp-post\" data-elementor-id=\"2684\" class=\"elementor elementor-2684\" data-elementor-post-type=\"page\">\n\t\t\t\t\t\t<section class=\"elementor-section elementor-top-section elementor-element elementor-element-8faa464 elementor-section-stretched elementor-section-boxed elementor-section-height-default elementor-section-height-default\" data-id=\"8faa464\" data-element_type=\"section\" data-e-type=\"section\" data-settings=\"{&quot;stretch_section&quot;:&quot;section-stretched&quot;}\">\n\t\t\t\t\t\t<div class=\"elementor-container elementor-column-gap-no\">\n\t\t\t\t\t<div class=\"elementor-column elementor-col-100 elementor-top-column elementor-element elementor-element-fdad093\" data-id=\"fdad093\" data-element_type=\"column\" data-e-type=\"column\">\n\t\t\t<div class=\"elementor-widget-wrap elementor-element-populated\">\n\t\t\t\t\t\t<div class=\"elementor-element elementor-element-94f9e95 elementor-widget elementor-widget-heading\" data-id=\"94f9e95\" data-element_type=\"widget\" data-e-type=\"widget\" data-widget_type=\"heading.default\">\n\t\t\t\t<div class=\"elementor-widget-container\">\n\t\t\t\t\t<h1 class=\"elementor-heading-title elementor-size-large\">PRESSE<\/h1>\t\t\t\t<\/div>\n\t\t\t\t<\/div>\n\t\t\t\t<div class=\"elementor-element elementor-element-0f74734 elementor-widget elementor-widget-heading\" data-id=\"0f74734\" data-element_type=\"widget\" data-e-type=\"widget\" data-widget_type=\"heading.default\">\n\t\t\t\t<div class=\"elementor-widget-container\">\n\t\t\t\t\t<h2 class=\"elementor-heading-title elementor-size-default\">Pressekontakte, Pressemitteilungen und alle presserelevanten Informationen \u00fcber Sightseeing Munich<\/h2>\t\t\t\t<\/div>\n\t\t\t\t<\/div>\n\t\t\t\t<section class=\"elementor-section elementor-inner-section elementor-element elementor-element-fe3a700 elementor-section-boxed elementor-section-height-default elementor-section-height-default\" data-id=\"fe3a700\" data-element_type=\"section\" data-e-type=\"section\">\n\t\t\t\t\t\t<div class=\"elementor-container elementor-column-gap-default\">\n\t\t\t\t\t<div class=\"elementor-column elementor-col-50 elementor-inner-column elementor-element elementor-element-619e3a0\" data-id=\"619e3a0\" data-element_type=\"column\" data-e-type=\"column\">\n\t\t\t<div class=\"elementor-widget-wrap elementor-element-populated\">\n\t\t\t\t\t\t<div class=\"elementor-element elementor-element-666899d elementor-widget elementor-widget-accordion\" data-id=\"666899d\" data-element_type=\"widget\" data-e-type=\"widget\" data-widget_type=\"accordion.default\">\n\t\t\t\t<div class=\"elementor-widget-container\">\n\t\t\t\t\t\t\t<div class=\"elementor-accordion\">\n\t\t\t\t\t\t\t<div class=\"elementor-accordion-item\">\n\t\t\t\t\t<h3 id=\"elementor-tab-title-1071\" class=\"elementor-tab-title\" data-tab=\"1\" role=\"button\" aria-controls=\"elementor-tab-content-1071\" aria-expanded=\"false\">\n\t\t\t\t\t\t\t\t\t\t\t\t\t<span class=\"elementor-accordion-icon elementor-accordion-icon-left\" aria-hidden=\"true\">\n\t\t\t\t\t\t\t\t\t\t\t\t\t\t\t<span class=\"elementor-accordion-icon-closed\"><i class=\"fas fa-plus\"><\/i><\/span>\n\t\t\t\t\t\t\t\t<span class=\"elementor-accordion-icon-opened\"><i class=\"fas fa-minus\"><\/i><\/span>\n\t\t\t\t\t\t\t\t\t\t\t\t\t\t<\/span>\n\t\t\t\t\t\t\t\t\t\t\t\t<a class=\"elementor-accordion-title\" tabindex=\"0\">Pressemitteilungen<\/a>\n\t\t\t\t\t<\/h3>\n\t\t\t\t\t<div id=\"elementor-tab-content-1071\" class=\"elementor-tab-content elementor-clearfix\" data-tab=\"1\" role=\"region\" aria-labelledby=\"elementor-tab-title-1071\"><p><strong>22.02.2022<br \/><\/strong><a href=\"https:\/\/sightseeing-munich.tours\/neue-handy-tour-zur-geburt-des-fc-bayern\/\">&#8222;Zum 122. Geburtstag des FC Bayern M\u00fcnchen: neue Handy-Tour auf den Spuren der Bayern-Gr\u00fcndungsmitglieder&#8220;<\/a><\/p><\/div>\n\t\t\t\t<\/div>\n\t\t\t\t\t\t\t<div class=\"elementor-accordion-item\">\n\t\t\t\t\t<h3 id=\"elementor-tab-title-1072\" class=\"elementor-tab-title\" data-tab=\"2\" role=\"button\" aria-controls=\"elementor-tab-content-1072\" aria-expanded=\"false\">\n\t\t\t\t\t\t\t\t\t\t\t\t\t<span class=\"elementor-accordion-icon elementor-accordion-icon-left\" aria-hidden=\"true\">\n\t\t\t\t\t\t\t\t\t\t\t\t\t\t\t<span class=\"elementor-accordion-icon-closed\"><i class=\"fas fa-plus\"><\/i><\/span>\n\t\t\t\t\t\t\t\t<span class=\"elementor-accordion-icon-opened\"><i class=\"fas fa-minus\"><\/i><\/span>\n\t\t\t\t\t\t\t\t\t\t\t\t\t\t<\/span>\n\t\t\t\t\t\t\t\t\t\t\t\t<a class=\"elementor-accordion-title\" tabindex=\"0\">Sightseeing Munich in den Medien<\/a>\n\t\t\t\t\t<\/h3>\n\t\t\t\t\t<div id=\"elementor-tab-content-1072\" class=\"elementor-tab-content elementor-clearfix\" data-tab=\"2\" role=\"region\" aria-labelledby=\"elementor-tab-title-1072\"><p><strong>Newsartikel auf fcbayerntotal.com (Deutsch)<br \/><\/strong><a href=\"https:\/\/fcbayerntotal.com\/2022\/02\/18\/app-uber-die-legendare-grundungsgeschichte-des-fc-bayern\/\" target=\"_blank\" rel=\"noopener\">&#8222;App \u00fcber die legend\u00e4re Gr\u00fcndungsgeschichte des FC Bayern&#8220;<\/a><\/p><p><strong>Blogartikel auf sunnylifemoments.com (Deutsch)<br \/><\/strong><a href=\"https:\/\/www.sunnylifemoments.com\/blog\/sightseeing-in-muenchen\/\" target=\"_blank\" rel=\"noopener\">&#8222;Mit Sightseeing Munich das zauberhafte M\u00fcnchen entdecken&#8220;<\/a><\/p><p><strong>TV-Beitrag in der BR-Serie &#8222;RESPEKT&#8220; auf ARD alpha (Deutsch)<br \/><\/strong><a href=\"https:\/\/www.br.de\/extra\/respekt\/sophie-scholl-widerstand100.html\" target=\"_blank\" rel=\"noopener\">&#8222;Mut und Moral &#8211;\u00a0 Was wir von Sophie Scholl lernen k\u00f6nnen&#8220;<\/a><\/p><p><strong>Blogartikel auf munichprettylife.com (Deutsch)<br \/><\/strong><a href=\"https:\/\/www.munichprettylife.com\/post\/sightseeing-aber-nur-in-m%C3%BCnchen\" target=\"_blank\" rel=\"noopener\">&#8222;Sightseeing? Aber nur in M\u00fcnchen!&#8220;<\/a><\/p><p><strong>Blogartikel auf slowtravelbavaria.com (Englisch)<br \/><\/strong><a href=\"https:\/\/www.slowtravelbavaria.com\/self-paced-munich-walking-tours\/\" target=\"_blank\" rel=\"noopener\">&#8222;The most captivating self-paced Munich walking tours you&#8217;ll ever experience&#8220;<\/a><strong><br \/><\/strong><\/p><p><strong>Blogartikel auf postcardsfrommunich.com (Englisch)<br \/><\/strong><a href=\"https:\/\/postcardsfrommunich.com\/2020\/07\/05\/how-to-have-a-short-hollidays-in-the-middle-of-the-week\/\" target=\"_blank\" rel=\"noopener\">\u201eHow to have a short holiday in the middle of the week\u201c<\/a><strong><br \/><\/strong><\/p><p><strong>Blogartikel auf kathrinsworld.com (Deutsch)<\/strong><br \/><a href=\"https:\/\/kathrinsworld.com\/reisebericht-stadtfuehrung-muenchen\/\" target=\"_blank\" rel=\"noopener\">\u201eGanz einfach M\u00fcnchen entdecken: Stadtf\u00fchrung per App\u201c<\/a><\/p><\/div>\n\t\t\t\t<\/div>\n\t\t\t\t\t\t\t\t<\/div>\n\t\t\t\t\t\t<\/div>\n\t\t\t\t<\/div>\n\t\t\t\t\t<\/div>\n\t\t<\/div>\n\t\t\t\t<div class=\"elementor-column elementor-col-50 elementor-inner-column elementor-element elementor-element-e6e720f\" data-id=\"e6e720f\" data-element_type=\"column\" data-e-type=\"column\">\n\t\t\t<div class=\"elementor-widget-wrap elementor-element-populated\">\n\t\t\t\t\t\t<div class=\"elementor-element elementor-element-cc5f07f elementor-widget elementor-widget-heading\" data-id=\"cc5f07f\" data-element_type=\"widget\" data-e-type=\"widget\" data-widget_type=\"heading.default\">\n\t\t\t\t<div class=\"elementor-widget-container\">\n\t\t\t\t\t<h3 class=\"elementor-heading-title elementor-size-default\">Pressekontakt<\/h3>\t\t\t\t<\/div>\n\t\t\t\t<\/div>\n\t\t\t\t<div class=\"elementor-element elementor-element-c63eb03 elementor-widget elementor-widget-text-editor\" data-id=\"c63eb03\" data-element_type=\"widget\" data-e-type=\"widget\" data-widget_type=\"text-editor.default\">\n\t\t\t\t<div class=\"elementor-widget-container\">\n\t\t\t\t\t\t\t\t\t<p>Sebastian Jelsch<br>Haimhauser Stra\u00dfe 8<br>80802 M\u00fcnchen<br>sebastian.jelsch@sightseeing-munich.tours<\/p>\t\t\t\t\t\t\t\t<\/div>\n\t\t\t\t<\/div>\n\t\t\t\t<div class=\"elementor-element elementor-element-38e4c6c elementor-widget elementor-widget-heading\" data-id=\"38e4c6c\" data-element_type=\"widget\" data-e-type=\"widget\" data-widget_type=\"heading.default\">\n\t\t\t\t<div class=\"elementor-widget-container\">\n\t\t\t\t\t<h3 class=\"elementor-heading-title elementor-size-default\">Presseverteiler<\/h3>\t\t\t\t<\/div>\n\t\t\t\t<\/div>\n\t\t\t\t<div class=\"elementor-element elementor-element-fa8961f elementor-widget elementor-widget-text-editor\" data-id=\"fa8961f\" data-element_type=\"widget\" data-e-type=\"widget\" data-widget_type=\"text-editor.default\">\n\t\t\t\t<div class=\"elementor-widget-container\">\n\t\t\t\t\t\t\t\t\t<p>Bitte schreibe eine kurze Mail an <strong><a href=\"mailto:contact@sightseeing-munich.tours\">contact@sightseeing-munich.tours<\/a><\/strong>, um unserem Presseverteiler hinzugef\u00fcgt zu werden.<\/p>\t\t\t\t\t\t\t\t<\/div>\n\t\t\t\t<\/div>\n\t\t\t\t<div class=\"elementor-element elementor-element-9b20cc0 elementor-widget elementor-widget-heading\" data-id=\"9b20cc0\" data-element_type=\"widget\" data-e-type=\"widget\" data-widget_type=\"heading.default\">\n\t\t\t\t<div class=\"elementor-widget-container\">\n\t\t\t\t\t<h3 class=\"elementor-heading-title elementor-size-default\">Downloads<\/h3>\t\t\t\t<\/div>\n\t\t\t\t<\/div>\n\t\t\t\t<div class=\"elementor-element elementor-element-a4ce9f3 elementor-widget elementor-widget-text-editor\" data-id=\"a4ce9f3\" data-element_type=\"widget\" data-e-type=\"widget\" data-widget_type=\"text-editor.default\">\n\t\t\t\t<div class=\"elementor-widget-container\">\n\t\t\t\t\t\t\t\t\t<p><a href=\"https:\/\/sightseeing-munich.tours\/wp-content\/uploads\/2022\/02\/Factsheet.pdf\" target=\"_blank\" rel=\"noopener\"><strong>Factsheet <\/strong>(pdf-Datei, 57KB)<\/a><br \/><a href=\"https:\/\/sightseeing-munich.tours\/wp-content\/uploads\/2022\/02\/Logos.zip\" target=\"_blank\" rel=\"noopener\"><strong>Logos <\/strong>(zip-Datei, 680KB)<\/a><br \/><a href=\"https:\/\/sightseeing-munich.tours\/wp-content\/uploads\/2022\/02\/Product-Photos.zip\" target=\"_blank\" rel=\"noopener\"><strong>Produktfotos <\/strong>(zip-Datei, 8MB)<\/a><br \/><a href=\"https:\/\/sightseeing-munich.tours\/wp-content\/uploads\/2022\/02\/FAQ.pdf\" target=\"_blank\" rel=\"noopener\"><strong>FAQ <\/strong>(pdf-Datei, 44KB)<\/a><\/p>\t\t\t\t\t\t\t\t<\/div>\n\t\t\t\t<\/div>\n\t\t\t\t<div class=\"elementor-element elementor-element-4b68fab elementor-widget elementor-widget-heading\" data-id=\"4b68fab\" data-element_type=\"widget\" data-e-type=\"widget\" data-widget_type=\"heading.default\">\n\t\t\t\t<div class=\"elementor-widget-container\">\n\t\t\t\t\t<h3 class=\"elementor-heading-title elementor-size-default\">Sightseeing Munich auf Social Media<\/h3>\t\t\t\t<\/div>\n\t\t\t\t<\/div>\n\t\t\t\t<div class=\"elementor-element elementor-element-78f4aaf elementor-widget__width-auto elementor-widget elementor-widget-image\" data-id=\"78f4aaf\" data-element_type=\"widget\" data-e-type=\"widget\" data-widget_type=\"image.default\">\n\t\t\t\t<div class=\"elementor-widget-container\">\n\t\t\t\t\t\t\t\t\t\t\t\t\t\t\t\t<a href=\"https:\/\/www.instagram.com\/sightseeing_munich\/\">\n\t\t\t\t\t\t\t<img fetchpriority=\"high\" decoding=\"async\" width=\"480\" height=\"480\" src=\"https:\/\/sightseeing-munich.tours\/wp-content\/uploads\/2020\/02\/Instagram.png\" class=\"attachment-large size-large wp-image-1590\" alt=\"Follow us on Instagram\" srcset=\"https:\/\/sightseeing-munich.tours\/wp-content\/uploads\/2020\/02\/Instagram.png 480w, https:\/\/sightseeing-munich.tours\/wp-content\/uploads\/2020\/02\/Instagram-300x300.png 300w, https:\/\/sightseeing-munich.tours\/wp-content\/uploads\/2020\/02\/Instagram-150x150.png 150w\" sizes=\"(max-width: 480px) 100vw, 480px\" \/>\t\t\t\t\t\t\t\t<\/a>\n\t\t\t\t\t\t\t\t\t\t\t\t\t\t\t<\/div>\n\t\t\t\t<\/div>\n\t\t\t\t<div class=\"elementor-element elementor-element-a91c605 elementor-widget__width-auto elementor-widget elementor-widget-image\" data-id=\"a91c605\" data-element_type=\"widget\" data-e-type=\"widget\" data-widget_type=\"image.default\">\n\t\t\t\t<div class=\"elementor-widget-container\">\n\t\t\t\t\t\t\t\t\t\t\t\t\t\t\t\t<a href=\"https:\/\/www.facebook.com\/sightseeingmunichtours\">\n\t\t\t\t\t\t\t<img decoding=\"async\" width=\"124\" height=\"124\" src=\"https:\/\/sightseeing-munich.tours\/wp-content\/uploads\/2022\/02\/facebook_icon.png\" class=\"attachment-large size-large wp-image-2718\" alt=\"\" srcset=\"https:\/\/sightseeing-munich.tours\/wp-content\/uploads\/2022\/02\/facebook_icon.png 124w, https:\/\/sightseeing-munich.tours\/wp-content\/uploads\/2022\/02\/facebook_icon-12x12.png 12w\" sizes=\"(max-width: 124px) 100vw, 124px\" \/>\t\t\t\t\t\t\t\t<\/a>\n\t\t\t\t\t\t\t\t\t\t\t\t\t\t\t<\/div>\n\t\t\t\t<\/div>\n\t\t\t\t\t<\/div>\n\t\t<\/div>\n\t\t\t\t\t<\/div>\n\t\t<\/section>\n\t\t\t\t\t<\/div>\n\t\t<\/div>\n\t\t\t\t\t<\/div>\n\t\t<\/section>\n\t\t\t\t<\/div>\n\t\t","protected":false},"excerpt":{"rendered":"<p>PRESSE Pressekontakte, Pressemitteilungen und alle presserelevanten Informationen \u00fcber Sightseeing Munich Pressemitteilungen 22.02.2022&#8222;Zum 122. Geburtstag des FC Bayern M\u00fcnchen: neue Handy-Tour auf den Spuren der Bayern-Gr\u00fcndungsmitglieder&#8220; Sightseeing Munich in den Medien Newsartikel auf fcbayerntotal.com (Deutsch)&#8222;App \u00fcber die legend\u00e4re Gr\u00fcndungsgeschichte des FC Bayern&#8220; Blogartikel auf sunnylifemoments.com (Deutsch)&#8222;Mit Sightseeing Munich das zauberhafte M\u00fcnchen entdecken&#8220; TV-Beitrag in der BR-Serie [&hellip;]<\/p>\n","protected":false},"author":1,"featured_media":0,"parent":0,"menu_order":0,"comment_status":"closed","ping_status":"closed","template":"","meta":{"ocean_post_layout":"full-width","ocean_both_sidebars_style":"","ocean_both_sidebars_content_width":0,"ocean_both_sidebars_sidebars_width":0,"ocean_sidebar":"0","ocean_second_sidebar":"0","ocean_disable_margins":"enable","ocean_add_body_class":"","ocean_shortcode_before_top_bar":"","ocean_shortcode_after_top_bar":"","ocean_shortcode_before_header":"","ocean_shortcode_after_header":"","ocean_has_shortcode":"","ocean_shortcode_after_title":"","ocean_shortcode_before_footer_widgets":"","ocean_shortcode_after_footer_widgets":"","ocean_shortcode_before_footer_bottom":"","ocean_shortcode_after_footer_bottom":"","ocean_display_top_bar":"off","ocean_display_header":"on","ocean_header_style":"","ocean_center_header_left_menu":"0","ocean_custom_header_template":"0","ocean_custom_logo":0,"ocean_custom_retina_logo":0,"ocean_custom_logo_max_width":0,"ocean_custom_logo_tablet_max_width":0,"ocean_custom_logo_mobile_max_width":0,"ocean_custom_logo_max_height":0,"ocean_custom_logo_tablet_max_height":0,"ocean_custom_logo_mobile_max_height":0,"ocean_header_custom_menu":"0","ocean_menu_typo_font_family":"0","ocean_menu_typo_font_subset":"","ocean_menu_typo_font_size":0,"ocean_menu_typo_font_size_tablet":0,"ocean_menu_typo_font_size_mobile":0,"ocean_menu_typo_font_size_unit":"px","ocean_menu_typo_font_weight":"","ocean_menu_typo_font_weight_tablet":"","ocean_menu_typo_font_weight_mobile":"","ocean_menu_typo_transform":"","ocean_menu_typo_transform_tablet":"","ocean_menu_typo_transform_mobile":"","ocean_menu_typo_line_height":0,"ocean_menu_typo_line_height_tablet":0,"ocean_menu_typo_line_height_mobile":0,"ocean_menu_typo_line_height_unit":"","ocean_menu_typo_spacing":0,"ocean_menu_typo_spacing_tablet":0,"ocean_menu_typo_spacing_mobile":0,"ocean_menu_typo_spacing_unit":"","ocean_menu_link_color":"","ocean_menu_link_color_hover":"","ocean_menu_link_color_active":"","ocean_menu_link_background":"","ocean_menu_link_hover_background":"","ocean_menu_link_active_background":"","ocean_menu_social_links_bg":"","ocean_menu_social_hover_links_bg":"","ocean_menu_social_links_color":"","ocean_menu_social_hover_links_color":"","ocean_disable_title":"on","ocean_disable_heading":"default","ocean_post_title":"","ocean_post_subheading":"","ocean_post_title_style":"","ocean_post_title_background_color":"","ocean_post_title_background":0,"ocean_post_title_bg_image_position":"","ocean_post_title_bg_image_attachment":"","ocean_post_title_bg_image_repeat":"","ocean_post_title_bg_image_size":"","ocean_post_title_height":0,"ocean_post_title_bg_overlay":0.5,"ocean_post_title_bg_overlay_color":"","ocean_disable_breadcrumbs":"default","ocean_breadcrumbs_color":"","ocean_breadcrumbs_separator_color":"","ocean_breadcrumbs_links_color":"","ocean_breadcrumbs_links_hover_color":"","ocean_display_footer_widgets":"on","ocean_display_footer_bottom":"off","ocean_custom_footer_template":"0","footnotes":""},"class_list":["post-2684","page","type-page","status-publish","hentry","entry"],"yoast_head":"<!-- This site is optimized with the Yoast SEO plugin v27.5 - https:\/\/yoast.com\/product\/yoast-seo-wordpress\/ -->\n<title>Presse - Sightseeing-Touren durch M\u00fcnchen<\/title>\n<meta name=\"description\" content=\"Pressekontakt, Pressemitteilungen und alles presserelevanten Information \u00fcber Sightseeing Munich, der Tourguide f\u00fcr das Smartphone.\" \/>\n<meta name=\"robots\" content=\"index, follow, max-snippet:-1, max-image-preview:large, max-video-preview:-1\" \/>\n<link rel=\"canonical\" href=\"https:\/\/sightseeing-munich.tours\/de\/presse\/\" \/>\n<meta property=\"og:locale\" content=\"de_DE\" \/>\n<meta property=\"og:type\" content=\"article\" \/>\n<meta property=\"og:title\" content=\"Presse - Sightseeing-Touren durch M\u00fcnchen\" \/>\n<meta property=\"og:description\" content=\"Pressekontakt, Pressemitteilungen und alles presserelevanten Information \u00fcber Sightseeing Munich, der Tourguide f\u00fcr das Smartphone.\" \/>\n<meta property=\"og:url\" content=\"https:\/\/sightseeing-munich.tours\/de\/presse\/\" \/>\n<meta property=\"og:site_name\" content=\"Sightseeing-Touren durch M\u00fcnchen\" \/>\n<meta property=\"article:modified_time\" content=\"2022-07-16T22:19:37+00:00\" \/>\n<meta property=\"og:image\" content=\"https:\/\/sightseeing-munich.tours\/wp-content\/uploads\/2020\/02\/Instagram.png\" \/>\n<meta name=\"twitter:card\" content=\"summary_large_image\" \/>\n<meta name=\"twitter:label1\" content=\"Gesch\u00e4tzte Lesezeit\" \/>\n\t<meta name=\"twitter:data1\" content=\"2\u00a0Minuten\" \/>\n<script type=\"application\/ld+json\" class=\"yoast-schema-graph\">{\"@context\":\"https:\\\/\\\/schema.org\",\"@graph\":[{\"@type\":\"WebPage\",\"@id\":\"https:\\\/\\\/sightseeing-munich.tours\\\/de\\\/presse\\\/\",\"url\":\"https:\\\/\\\/sightseeing-munich.tours\\\/de\\\/presse\\\/\",\"name\":\"Presse - Sightseeing-Touren durch M\u00fcnchen\",\"isPartOf\":{\"@id\":\"https:\\\/\\\/sightseeing-munich.tours\\\/#website\"},\"primaryImageOfPage\":{\"@id\":\"https:\\\/\\\/sightseeing-munich.tours\\\/de\\\/presse\\\/#primaryimage\"},\"image\":{\"@id\":\"https:\\\/\\\/sightseeing-munich.tours\\\/de\\\/presse\\\/#primaryimage\"},\"thumbnailUrl\":\"https:\\\/\\\/sightseeing-munich.tours\\\/wp-content\\\/uploads\\\/2020\\\/02\\\/Instagram.png\",\"datePublished\":\"2022-02-22T20:13:54+00:00\",\"dateModified\":\"2022-07-16T22:19:37+00:00\",\"description\":\"Pressekontakt, Pressemitteilungen und alles presserelevanten Information \u00fcber Sightseeing Munich, der Tourguide f\u00fcr das Smartphone.\",\"breadcrumb\":{\"@id\":\"https:\\\/\\\/sightseeing-munich.tours\\\/de\\\/presse\\\/#breadcrumb\"},\"inLanguage\":\"de\",\"potentialAction\":[{\"@type\":\"ReadAction\",\"target\":[\"https:\\\/\\\/sightseeing-munich.tours\\\/de\\\/presse\\\/\"]}]},{\"@type\":\"ImageObject\",\"inLanguage\":\"de\",\"@id\":\"https:\\\/\\\/sightseeing-munich.tours\\\/de\\\/presse\\\/#primaryimage\",\"url\":\"https:\\\/\\\/sightseeing-munich.tours\\\/wp-content\\\/uploads\\\/2020\\\/02\\\/Instagram.png\",\"contentUrl\":\"https:\\\/\\\/sightseeing-munich.tours\\\/wp-content\\\/uploads\\\/2020\\\/02\\\/Instagram.png\"},{\"@type\":\"BreadcrumbList\",\"@id\":\"https:\\\/\\\/sightseeing-munich.tours\\\/de\\\/presse\\\/#breadcrumb\",\"itemListElement\":[{\"@type\":\"ListItem\",\"position\":1,\"name\":\"Startseite\",\"item\":\"https:\\\/\\\/sightseeing-munich.tours\\\/\"},{\"@type\":\"ListItem\",\"position\":2,\"name\":\"Presse\"}]},{\"@type\":\"WebSite\",\"@id\":\"https:\\\/\\\/sightseeing-munich.tours\\\/#website\",\"url\":\"https:\\\/\\\/sightseeing-munich.tours\\\/\",\"name\":\"Sightseeing-Touren durch M\u00fcnchen\",\"description\":\"\",\"publisher\":{\"@id\":\"https:\\\/\\\/sightseeing-munich.tours\\\/#organization\"},\"potentialAction\":[{\"@type\":\"SearchAction\",\"target\":{\"@type\":\"EntryPoint\",\"urlTemplate\":\"https:\\\/\\\/sightseeing-munich.tours\\\/?s={search_term_string}\"},\"query-input\":{\"@type\":\"PropertyValueSpecification\",\"valueRequired\":true,\"valueName\":\"search_term_string\"}}],\"inLanguage\":\"de\"},{\"@type\":\"Organization\",\"@id\":\"https:\\\/\\\/sightseeing-munich.tours\\\/#organization\",\"name\":\"Sightseeing Munich\",\"url\":\"https:\\\/\\\/sightseeing-munich.tours\\\/\",\"logo\":{\"@type\":\"ImageObject\",\"inLanguage\":\"de\",\"@id\":\"https:\\\/\\\/sightseeing-munich.tours\\\/#\\\/schema\\\/logo\\\/image\\\/\",\"url\":\"https:\\\/\\\/sightseeing-munich.tours\\\/wp-content\\\/uploads\\\/2019\\\/06\\\/Favicon_master.png\",\"contentUrl\":\"https:\\\/\\\/sightseeing-munich.tours\\\/wp-content\\\/uploads\\\/2019\\\/06\\\/Favicon_master.png\",\"width\":512,\"height\":512,\"caption\":\"Sightseeing Munich\"},\"image\":{\"@id\":\"https:\\\/\\\/sightseeing-munich.tours\\\/#\\\/schema\\\/logo\\\/image\\\/\"},\"sameAs\":[\"https:\\\/\\\/www.instagram.com\\\/sightseeing_munich\\\/\",\"https:\\\/\\\/www.linkedin.com\\\/company\\\/sightseeing-munich\",\"https:\\\/\\\/www.pinterest.com\\\/sightseeing_munich\\\/\"]}]}<\/script>\n<!-- \/ Yoast SEO plugin. -->","yoast_head_json":{"title":"Presse - Sightseeing-Touren durch M\u00fcnchen","description":"Pressekontakt, Pressemitteilungen und alles presserelevanten Information \u00fcber Sightseeing Munich, der Tourguide f\u00fcr das Smartphone.","robots":{"index":"index","follow":"follow","max-snippet":"max-snippet:-1","max-image-preview":"max-image-preview:large","max-video-preview":"max-video-preview:-1"},"canonical":"https:\/\/sightseeing-munich.tours\/de\/presse\/","og_locale":"de_DE","og_type":"article","og_title":"Presse - Sightseeing-Touren durch M\u00fcnchen","og_description":"Pressekontakt, Pressemitteilungen und alles presserelevanten Information \u00fcber Sightseeing Munich, der Tourguide f\u00fcr das Smartphone.","og_url":"https:\/\/sightseeing-munich.tours\/de\/presse\/","og_site_name":"Sightseeing-Touren durch M\u00fcnchen","article_modified_time":"2022-07-16T22:19:37+00:00","og_image":[{"url":"https:\/\/sightseeing-munich.tours\/wp-content\/uploads\/2020\/02\/Instagram.png","type":"","width":"","height":""}],"twitter_card":"summary_large_image","twitter_misc":{"Gesch\u00e4tzte Lesezeit":"2\u00a0Minuten"},"schema":{"@context":"https:\/\/schema.org","@graph":[{"@type":"WebPage","@id":"https:\/\/sightseeing-munich.tours\/de\/presse\/","url":"https:\/\/sightseeing-munich.tours\/de\/presse\/","name":"Presse - Sightseeing-Touren durch M\u00fcnchen","isPartOf":{"@id":"https:\/\/sightseeing-munich.tours\/#website"},"primaryImageOfPage":{"@id":"https:\/\/sightseeing-munich.tours\/de\/presse\/#primaryimage"},"image":{"@id":"https:\/\/sightseeing-munich.tours\/de\/presse\/#primaryimage"},"thumbnailUrl":"https:\/\/sightseeing-munich.tours\/wp-content\/uploads\/2020\/02\/Instagram.png","datePublished":"2022-02-22T20:13:54+00:00","dateModified":"2022-07-16T22:19:37+00:00","description":"Pressekontakt, Pressemitteilungen und alles presserelevanten Information \u00fcber Sightseeing Munich, der Tourguide f\u00fcr das Smartphone.","breadcrumb":{"@id":"https:\/\/sightseeing-munich.tours\/de\/presse\/#breadcrumb"},"inLanguage":"de","potentialAction":[{"@type":"ReadAction","target":["https:\/\/sightseeing-munich.tours\/de\/presse\/"]}]},{"@type":"ImageObject","inLanguage":"de","@id":"https:\/\/sightseeing-munich.tours\/de\/presse\/#primaryimage","url":"https:\/\/sightseeing-munich.tours\/wp-content\/uploads\/2020\/02\/Instagram.png","contentUrl":"https:\/\/sightseeing-munich.tours\/wp-content\/uploads\/2020\/02\/Instagram.png"},{"@type":"BreadcrumbList","@id":"https:\/\/sightseeing-munich.tours\/de\/presse\/#breadcrumb","itemListElement":[{"@type":"ListItem","position":1,"name":"Startseite","item":"https:\/\/sightseeing-munich.tours\/"},{"@type":"ListItem","position":2,"name":"Presse"}]},{"@type":"WebSite","@id":"https:\/\/sightseeing-munich.tours\/#website","url":"https:\/\/sightseeing-munich.tours\/","name":"Sightseeing-Touren durch M\u00fcnchen","description":"","publisher":{"@id":"https:\/\/sightseeing-munich.tours\/#organization"},"potentialAction":[{"@type":"SearchAction","target":{"@type":"EntryPoint","urlTemplate":"https:\/\/sightseeing-munich.tours\/?s={search_term_string}"},"query-input":{"@type":"PropertyValueSpecification","valueRequired":true,"valueName":"search_term_string"}}],"inLanguage":"de"},{"@type":"Organization","@id":"https:\/\/sightseeing-munich.tours\/#organization","name":"Sightseeing Munich","url":"https:\/\/sightseeing-munich.tours\/","logo":{"@type":"ImageObject","inLanguage":"de","@id":"https:\/\/sightseeing-munich.tours\/#\/schema\/logo\/image\/","url":"https:\/\/sightseeing-munich.tours\/wp-content\/uploads\/2019\/06\/Favicon_master.png","contentUrl":"https:\/\/sightseeing-munich.tours\/wp-content\/uploads\/2019\/06\/Favicon_master.png","width":512,"height":512,"caption":"Sightseeing Munich"},"image":{"@id":"https:\/\/sightseeing-munich.tours\/#\/schema\/logo\/image\/"},"sameAs":["https:\/\/www.instagram.com\/sightseeing_munich\/","https:\/\/www.linkedin.com\/company\/sightseeing-munich","https:\/\/www.pinterest.com\/sightseeing_munich\/"]}]}},"_links":{"self":[{"href":"https:\/\/sightseeing-munich.tours\/de\/wp-json\/wp\/v2\/pages\/2684","targetHints":{"allow":["GET"]}}],"collection":[{"href":"https:\/\/sightseeing-munich.tours\/de\/wp-json\/wp\/v2\/pages"}],"about":[{"href":"https:\/\/sightseeing-munich.tours\/de\/wp-json\/wp\/v2\/types\/page"}],"author":[{"embeddable":true,"href":"https:\/\/sightseeing-munich.tours\/de\/wp-json\/wp\/v2\/users\/1"}],"replies":[{"embeddable":true,"href":"https:\/\/sightseeing-munich.tours\/de\/wp-json\/wp\/v2\/comments?post=2684"}],"version-history":[{"count":60,"href":"https:\/\/sightseeing-munich.tours\/de\/wp-json\/wp\/v2\/pages\/2684\/revisions"}],"predecessor-version":[{"id":2787,"href":"https:\/\/sightseeing-munich.tours\/de\/wp-json\/wp\/v2\/pages\/2684\/revisions\/2787"}],"wp:attachment":[{"href":"https:\/\/sightseeing-munich.tours\/de\/wp-json\/wp\/v2\/media?parent=2684"}],"curies":[{"name":"wp","href":"https:\/\/api.w.org\/{rel}","templated":true}]}}